{"id":8310,"date":"2024-09-28T20:20:45","date_gmt":"2024-09-28T18:20:45","guid":{"rendered":"http:\/\/www.discgolf-niederrhein.de\/?page_id=8310"},"modified":"2024-10-07T20:26:14","modified_gmt":"2024-10-07T18:26:14","slug":"10-wesel-open-sonntag-06-10-2024","status":"publish","type":"page","link":"https:\/\/www.discgolf-niederrhein.de\/?page_id=8310","title":{"rendered":"10. Wesel Open &#8211; Sonntag 06.10.2024"},"content":{"rendered":"<p><a href=\"https:\/\/schnieders-im-netz.dnshome.de\/s\/Zp2FS5SP6sWm6L8\">Bilder von den 10. Wesel Open vom Turnier<\/a><\/p>\n<\/p>\n<p>Sponsoren <\/p>\n<figure class=\"wp-block-image size-full is-resized\"><img loading=\"lazy\" decoding=\"async\" width=\"1000\" height=\"300\" src=\"http:\/\/www.discgolf-niederrhein.de\/wp-content\/uploads\/2024\/09\/HS-Store_Banner19012024.png\" alt=\"\" class=\"wp-image-8323\" style=\"width:628px;height:auto\" srcset=\"https:\/\/www.discgolf-niederrhein.de\/wp-content\/uploads\/2024\/09\/HS-Store_Banner19012024.png 1000w, https:\/\/www.discgolf-niederrhein.de\/wp-content\/uploads\/2024\/09\/HS-Store_Banner19012024-300x90.png 300w, https:\/\/www.discgolf-niederrhein.de\/wp-content\/uploads\/2024\/09\/HS-Store_Banner19012024-768x230.png 768w\" sizes=\"auto, (max-width: 1000px) 100vw, 1000px\" \/><\/figure>\n<p>Der Disc Golf Shop HYZER STORE wird mit vielen Scheiben vor Ort sein<\/p>\n<figure class=\"wp-block-embed is-type-wp-embed is-provider-hyzer-store wp-block-embed-hyzer-store\">\n<div class=\"wp-block-embed__wrapper\">\n<blockquote class=\"wp-embedded-content\" data-secret=\"Hex5txPj3e\"><p><a href=\"https:\/\/www.hyzer-store.de\/\">Homepage<\/a><\/p><\/blockquote>\n<p><iframe loading=\"lazy\" class=\"wp-embedded-content\" sandbox=\"allow-scripts\" security=\"restricted\" style=\"position: absolute; visibility: hidden;\" title=\"&#8222;Homepage&#8220; &#8212; HYZER-STORE\" src=\"https:\/\/www.hyzer-store.de\/embed\/#?secret=wftHiJMvcr#?secret=Hex5txPj3e\" data-secret=\"Hex5txPj3e\" width=\"600\" height=\"338\" frameborder=\"0\" marginwidth=\"0\" marginheight=\"0\" scrolling=\"no\"><\/iframe>\n<\/div>\n<\/figure>\n<p>Die Fahnen auf den K\u00f6rben wurden durch <a rel=\"noreferrer noopener\" href=\"http:\/\/www.reitsport-lohmeier.de\" target=\"_blank\">Reitsport Lohmeier<\/a> gen\u00e4ht und gesponsort.<\/p>\n<figure class=\"wp-block-image size-full\"><img loading=\"lazy\" decoding=\"async\" width=\"1247\" height=\"126\" src=\"http:\/\/www.discgolf-niederrhein.de\/wp-content\/uploads\/2021\/09\/lohmeier-header-logo-1.jpg\" alt=\"\" class=\"wp-image-8234\" srcset=\"https:\/\/www.discgolf-niederrhein.de\/wp-content\/uploads\/2021\/09\/lohmeier-header-logo-1.jpg 1247w, https:\/\/www.discgolf-niederrhein.de\/wp-content\/uploads\/2021\/09\/lohmeier-header-logo-1-300x30.jpg 300w, https:\/\/www.discgolf-niederrhein.de\/wp-content\/uploads\/2021\/09\/lohmeier-header-logo-1-768x78.jpg 768w\" sizes=\"auto, (max-width: 1247px) 100vw, 1247px\" \/><\/figure>\n<p>Als zus\u00e4tzlichen Sponsor konnten wir in diesem Jahr erneut&nbsp; <strong><a href=\"https:\/\/www.lrworld.com\/keuser\">Uwe Keuser LR Vertriebspartner<\/a><\/strong> gewinnen.<\/p>\n<\/p>\n<p>Der <strong>CTP Preis<\/strong> wird wieder von <strong><a href=\"https:\/\/www.lrworld.com\/keuser\">Uwe Keuser LR Vertriebspartner<\/a><\/strong> gestiftet.<\/p>\n<h1 class=\"wp-block-heading\">Uwe Keuser<\/h1>\n<p>Turmstra\u00dfe 16 \u00b7 D-47495 Rheinberg<\/p>\n<p>Mobil 0170.8055634<\/p>\n<p>Telefon 02844 432 \u00b7 Telefax 02844 1832<\/p>\n<p>Homepage: https:\/\/www.lrworld.com\/keuser<\/p>\n<p>E-Mail: <a href=\"mailto:info@keuser.de\">info@keuser.de<\/a><\/p>\n<figure class=\"wp-block-image\"><img loading=\"lazy\" decoding=\"async\" width=\"282\" height=\"40\" src=\"http:\/\/www.discgolf-niederrhein.de\/wp-content\/uploads\/2018\/09\/logo-lr.jpg\" alt=\"\" class=\"wp-image-4124\"\/><\/figure>\n<h1 class=\"wp-block-heading\">Termin<\/h1>\n<ul class=\"wp-block-list\">\n<li>Sonntag 06.10.2024<\/li>\n<\/ul>\n<h1 class=\"wp-block-heading\">Ort<\/h1>\n<ul class=\"wp-block-list\">\n<li>Auesee Wesel<\/li>\n<li>Parken wie in den Vorjahren bis hinten zum Turnierb\u00fcro durchfahren &#8211; <a href=\"https:\/\/www.google.de\/maps\/place\/Auesee\/@51.6665568,6.5927648,165m\/data=!3m1!1e3!4m5!3m4!1s0x47b884d40911fd51:0x59afd72a766c3682!8m2!3d51.6746112!4d6.5833963\">google Link<\/a><\/li>\n<li>Koordinaten 51\u00b040&#8217;01.2&#8243;N 6\u00b035&#8217;38.1&#8243;E<\/li>\n<\/ul>\n<h1 class=\"wp-block-heading\">Turniermodus<\/h1>\n<ul class=\"wp-block-list\">\n<li>Turnier der Disc Golf German Tour Kategorie C (f\u00fcr fortgeschrittene Spieler)<\/li>\n<li>2x 18 Bahnen, max. 72 Teilnehmer<\/li>\n<li>Anmeldung \u00fcber die&nbsp; German Tour Online Seite<\/li>\n<\/ul>\n<h1 class=\"wp-block-heading\">Zeitplan<\/h1>\n<p>08:15 Uhr Anmeldung (<em>bitte Kleingeld f\u00fcr ACE Pool mitbringen<\/em>)<br \/>09:00 Uhr Playersmeeting<br \/>09:30 Uhr TeeOff Runde 1<br \/>ca. 12:00 Uhr Mittagspause<br \/><em>Programm in der Mittagspause: Ring Of  Fire mit einem Sonderpreis<\/em><br \/>13:30 Uhr TeeOff Runde 2<br \/>ca. 16:45 Uhr Siegerehrung<\/p>\n<h1 class=\"wp-block-heading\">Flights und Scores<\/h1>\n<p>\u00fcber das GT Portal<\/p>\n<p>gedruckte Blanko Score Cards liegen bereit f\u00fcr handschriftlich Erfassung der Scores<\/p>\n<h1 class=\"wp-block-heading\">Essen &amp; Trinken<\/h1>\n<p>Wir bitten um angemessene Spenden mit Kleingeld. <\/p>\n<p>!!! Wir k\u00f6nnen keine gro\u00dfen Scheine wechseln !!!<\/p>\n<ul class=\"wp-block-list\">\n<li>Grillw\u00fcrstchen im Br\u00f6tchen mit Senf oder Ketchup (nach R\u00fcckmeldung an Turnierleitung auch vegetarisch)<\/li>\n<li>0,5 L Wasser, Apfelschorle, Cola<\/li>\n<li>Kaffee und Kuchen<\/li>\n<\/ul>\n<h1 class=\"wp-block-heading\">Multimedia<\/h1>\n<ul class=\"wp-block-list\">\n<li>Unsere Fotografen der letzten Jahre mussten leider f\u00fcr dieses Jahr absagen  =&gt; Ingo wird diese Aufgabe \u00fcbernehmen<\/li>\n<\/ul>\n<h1 class=\"wp-block-heading\">Bahnen<\/h1>\n<ul class=\"wp-block-list\">\n<li>Bahnenlayout leicht ver\u00e4ndert gegen\u00fcber 2023 (unten das neue Layout 2024). Bitte achtet auf Autos beim \u00dcberqueren der Stra\u00dfe am Parkplatz von Bahn10 zu Bahn11<\/li>\n<li>Generell gilt: Wasserfl\u00e4che Auesee und befestigte Wege (Fu\u00dfwege und Stra\u00dfe beim Parkplatz, Begrenzungswege an Nordseite) sowie Dach- bzw. \u00fcberdachte Fl\u00e4chen sind OB<\/li>\n<li><a href=\"http:\/\/www.discgolf-niederrhein.de\/wp-content\/uploads\/2024\/09\/CaddyBook10.WeselOpen.pdf\" data-type=\"page\" data-id=\"6807\" target=\"_blank\" rel=\"noreferrer noopener\">Caddy Book PDF<\/a><\/li>\n<\/ul>\n<figure class=\"wp-block-image size-full\"><img loading=\"lazy\" decoding=\"async\" width=\"1257\" height=\"911\" src=\"http:\/\/www.discgolf-niederrhein.de\/wp-content\/uploads\/2024\/09\/Auesee-Turnier-24-final.jpg\" alt=\"\" class=\"wp-image-8314\" srcset=\"https:\/\/www.discgolf-niederrhein.de\/wp-content\/uploads\/2024\/09\/Auesee-Turnier-24-final.jpg 1257w, https:\/\/www.discgolf-niederrhein.de\/wp-content\/uploads\/2024\/09\/Auesee-Turnier-24-final-300x217.jpg 300w, https:\/\/www.discgolf-niederrhein.de\/wp-content\/uploads\/2024\/09\/Auesee-Turnier-24-final-768x557.jpg 768w\" sizes=\"auto, (max-width: 1257px) 100vw, 1257px\" \/><\/figure>\n<figure class=\"wp-block-table\">\n<table>\n<tbody>\n<tr>\n<td><strong>Bahn<\/strong><\/td>\n<td><strong>Par<\/strong><\/td>\n<td><strong>L\u00e4nge<\/strong><\/td>\n<td><strong>Kommentar<\/strong><\/td>\n<\/tr>\n<tr>\n<td>1<\/td>\n<td>3<\/td>\n<td>58 m<\/td>\n<td>Inselbahn, alles au\u00dferhalb des markierten Bereiches gilt als Hazard<\/td>\n<\/tr>\n<tr>\n<td>2<\/td>\n<td>3<\/td>\n<td>108 m<\/td>\n<td>&nbsp;Wasserfl\u00e4che sowie Weg und alles links davon ist OB<\/td>\n<\/tr>\n<tr>\n<td>3<\/td>\n<td>3<\/td>\n<td>103 m<\/td>\n<td>&nbsp;<\/td>\n<\/tr>\n<tr>\n<td>4<\/td>\n<td>3<\/td>\n<td>66 m<\/td>\n<td>CTP Bahn, Gesamtwertung aus beiden Runden<\/td>\n<\/tr>\n<tr>\n<td>5<\/td>\n<td>3<\/td>\n<td>95 m<\/td>\n<td>Das Innere des Metallk\u00e4figs ist OB<\/td>\n<\/tr>\n<tr>\n<td>6<\/td>\n<td>3<\/td>\n<td>98 m<\/td>\n<td>Wege auf linker und rechter Seite und dar\u00fcber hinaus ist OB<\/td>\n<\/tr>\n<tr>\n<td>7<\/td>\n<td>3<\/td>\n<td>90 m<\/td>\n<td>Mando am Anfang der Bahn links umspielen, Hecke links und dar\u00fcber hinaus ist OB<\/td>\n<\/tr>\n<tr>\n<td>8<\/td>\n<td>3<\/td>\n<td>99 m<\/td>\n<td>Hecke links und dar\u00fcber hinaus, asphaltierte \/ gepflasterte Bereiche Hinter Korb und rechts sind OB<\/td>\n<\/tr>\n<tr>\n<td>9<\/td>\n<td>3<\/td>\n<td>65 m<\/td>\n<td><\/td>\n<\/tr>\n<tr>\n<td>10<\/td>\n<td>3<\/td>\n<td>74 m<\/td>\n<td>&nbsp;<\/td>\n<\/tr>\n<tr>\n<td>11<\/td>\n<td>3<\/td>\n<td>108 m<\/td>\n<td>Spielplatz (Sandfl\u00e4che, Scheibe von Sand umschlossen)<\/td>\n<\/tr>\n<tr>\n<td>12<\/td>\n<td>3<\/td>\n<td> 65 m<\/td>\n<td>Dach- und \u00fcbeberdachte Fl\u00e4che sowie gepflasterte Fl\u00e4chen OB<\/td>\n<\/tr>\n<tr>\n<td>13<\/td>\n<td>3<\/td>\n<td>88 m<\/td>\n<td>Doppelmando mit Dropzone<\/td>\n<\/tr>\n<tr>\n<td>14<\/td>\n<td>3<\/td>\n<td>82 m<\/td>\n<td><\/td>\n<\/tr>\n<tr>\n<td>15<\/td>\n<td>3<\/td>\n<td>83 m<\/td>\n<td>Wasserfl\u00e4che ist OB<\/td>\n<\/tr>\n<tr>\n<td>16<\/td>\n<td>3<\/td>\n<td>129 m<\/td>\n<td>Wasserfl\u00e4che ist OB <\/td>\n<\/tr>\n<tr>\n<td>17<\/td>\n<td>3<\/td>\n<td>78 m<\/td>\n<td>Mando rechts umspielen, bei Verfehlen Dropzone<\/td>\n<\/tr>\n<tr>\n<td>18<\/td>\n<td>4<\/td>\n<td>145 m<\/td>\n<td>Auesee ist OB, Weg linke Seite und hinter Korb sind OB<\/td>\n<\/tr>\n<\/tbody>\n<\/table>\n<\/figure>\n<h1 class=\"wp-block-heading has-text-align-left\"><\/h1>\n","protected":false},"excerpt":{"rendered":"<p>Bilder von den 10. Wesel Open vom Turnier Sponsoren Der Disc Golf Shop HYZER STORE wird mit vielen Scheiben vor Ort sein Die Fahnen auf den K\u00f6rben wurden durch Reitsport [&hellip;]<\/p>\n","protected":false},"author":1,"featured_media":2224,"parent":0,"menu_order":0,"comment_status":"closed","ping_status":"closed","template":"","meta":{"ngg_post_thumbnail":0,"footnotes":""},"class_list":["post-8310","page","type-page","status-publish","has-post-thumbnail","hentry"],"_links":{"self":[{"href":"https:\/\/www.discgolf-niederrhein.de\/index.php?rest_route=\/wp\/v2\/pages\/8310","targetHints":{"allow":["GET"]}}],"collection":[{"href":"https:\/\/www.discgolf-niederrhein.de\/index.php?rest_route=\/wp\/v2\/pages"}],"about":[{"href":"https:\/\/www.discgolf-niederrhein.de\/index.php?rest_route=\/wp\/v2\/types\/page"}],"author":[{"embeddable":true,"href":"https:\/\/www.discgolf-niederrhein.de\/index.php?rest_route=\/wp\/v2\/users\/1"}],"replies":[{"embeddable":true,"href":"https:\/\/www.discgolf-niederrhein.de\/index.php?rest_route=%2Fwp%2Fv2%2Fcomments&post=8310"}],"version-history":[{"count":9,"href":"https:\/\/www.discgolf-niederrhein.de\/index.php?rest_route=\/wp\/v2\/pages\/8310\/revisions"}],"predecessor-version":[{"id":8332,"href":"https:\/\/www.discgolf-niederrhein.de\/index.php?rest_route=\/wp\/v2\/pages\/8310\/revisions\/8332"}],"wp:featuredmedia":[{"embeddable":true,"href":"https:\/\/www.discgolf-niederrhein.de\/index.php?rest_route=\/wp\/v2\/media\/2224"}],"wp:attachment":[{"href":"https:\/\/www.discgolf-niederrhein.de\/index.php?rest_route=%2Fwp%2Fv2%2Fmedia&parent=8310"}],"curies":[{"name":"wp","href":"https:\/\/api.w.org\/{rel}","templated":true}]}}