{"id":4081,"date":"2018-01-21T19:13:57","date_gmt":"2018-01-21T17:13:57","guid":{"rendered":"http:\/\/www.discgolf-niederrhein.de\/?page_id=4081"},"modified":"2018-09-24T20:53:56","modified_gmt":"2018-09-24T18:53:56","slug":"4-wesel-open-29-09-2018","status":"publish","type":"page","link":"https:\/\/www.discgolf-niederrhein.de\/?page_id=4081","title":{"rendered":"4. Wesel Kastaplast Open &#8211; Samstag 29.09.2018"},"content":{"rendered":"<h1><a href=\"http:\/\/www.kastaplast.se\" target=\"_blank\" rel=\"noopener noreferrer\"><img loading=\"lazy\" decoding=\"async\" class=\"wp-image-305 alignnone\" src=\"http:\/\/www.discgolf-niederrhein.de\/wp-content\/uploads\/2015\/03\/kastaplast_logo_symbol.png\" alt=\"\" width=\"131\" height=\"131\" srcset=\"https:\/\/www.discgolf-niederrhein.de\/wp-content\/uploads\/2015\/03\/kastaplast_logo_symbol.png 400w, https:\/\/www.discgolf-niederrhein.de\/wp-content\/uploads\/2015\/03\/kastaplast_logo_symbol-150x150.png 150w, https:\/\/www.discgolf-niederrhein.de\/wp-content\/uploads\/2015\/03\/kastaplast_logo_symbol-300x300.png 300w\" sizes=\"auto, (max-width: 131px) 100vw, 131px\" \/><\/a><\/h1>\n<p>Als Sponsoren haben wir auch in diesem Jahr den schwedischen Scheibenhersteller <a href=\"http:\/\/www.kastaplast.se\/\">Kastaplast<\/a> und <a href=\"http:\/\/www.borderline-shop.com\">Borderline-Shop<\/a> mit Standort Duisburg gewinnen k\u00f6nnen.<\/p>\n<p><a href=\"http:\/\/www.borderline-shop.com\">Borderline-Shop<\/a> wird wieder mit seinem Disc Golf Sortiment vor Ort sein und besondere Turnier-Konditionen f\u00fcr <a href=\"http:\/\/www.kastaplast.se\" target=\"_blank\" rel=\"noopener noreferrer\">Kastaplast<\/a> Scheiben anbieten.<\/p>\n<p><a href=\"http:\/\/www.borderline-shop.com\" target=\"_blank\" rel=\"noopener noreferrer\"><img loading=\"lazy\" decoding=\"async\" class=\"alignnone wp-image-2449\" src=\"http:\/\/www.discgolf-niederrhein.de\/wp-content\/uploads\/2017\/06\/BLS-DiscGolfTeam-1.png\" alt=\"\" width=\"308\" height=\"101\" srcset=\"https:\/\/www.discgolf-niederrhein.de\/wp-content\/uploads\/2017\/06\/BLS-DiscGolfTeam-1.png 1050w, https:\/\/www.discgolf-niederrhein.de\/wp-content\/uploads\/2017\/06\/BLS-DiscGolfTeam-1-300x99.png 300w, https:\/\/www.discgolf-niederrhein.de\/wp-content\/uploads\/2017\/06\/BLS-DiscGolfTeam-1-768x252.png 768w\" sizes=\"auto, (max-width: 308px) 100vw, 308px\" \/><\/a><\/p>\n<p>Als zus\u00e4tzlichen Sponsor konnten in diesem Jahr 2018&nbsp; <a href=\"https:\/\/keuser.lr-partner.com\/#home\"><strong>Uwe Keuser LR Vertriebspartner<\/strong><\/a> gewinnen.<\/p>\n<h1>Uwe Keuser<\/h1>\n<p>Turmstra\u00dfe 16 \u00b7 D-47495 Rheinberg<\/p>\n<p>Mobil 0170.8055634<\/p>\n<p>Telefon 02844 432 \u00b7 Telefax 02844 1832<\/p>\n<p>Homepage: <a href=\"https:\/\/keuser.lr-partner.com\/#home\">https:\/\/keuser.lr-partner.com\/#home<\/a><\/p>\n<p>E-Mail: <a class=\"cloak_eml\" href=\"mailto:info@keuser.de\">info@keuser.de<\/a><\/p>\n<p><img loading=\"lazy\" decoding=\"async\" class=\"alignnone size-full wp-image-4124\" src=\"http:\/\/www.discgolf-niederrhein.de\/wp-content\/uploads\/2018\/09\/logo-lr.jpg\" alt=\"\" width=\"282\" height=\"40\"><\/p>\n<h1>Termin<\/h1>\n<ul>\n<li>Samstag 29.09.2018<\/li>\n<\/ul>\n<h1>Ort<\/h1>\n<ul>\n<li>Auesee Wesel<\/li>\n<li>Parken hinter Bahn 9 &#8211; <a href=\"https:\/\/www.google.de\/maps\/place\/Auesee\/@51.6665568,6.5927648,165m\/data=!3m1!1e3!4m5!3m4!1s0x47b884d40911fd51:0x59afd72a766c3682!8m2!3d51.6746112!4d6.5833963\">google Link<\/a><\/li>\n<li>Koordinaten 51\u00b040&#8217;01.2&#8243;N 6\u00b035&#8217;38.1&#8243;E<\/li>\n<\/ul>\n<h1>Turniermodus<\/h1>\n<ul>\n<li>Turnier der Disc Golf German Tour Kategorie C (f\u00fcr fortgeschrittene Spieler)<\/li>\n<li>2x 18 Bahnen, max. 72 Teilnehmer<\/li>\n<li>Anmeldung \u00fcber die&nbsp; German Tour Online Seite: <a href=\"https:\/\/german-tour-online.de\/events\/details\/1146\">https:\/\/german-tour-online.de\/events\/details\/1146<\/a><\/li>\n<\/ul>\n<h1>Zeitplan<\/h1>\n<p>07:45 Uhr Anmeldung<br \/>\n08:30 Uhr Playersmeeting<br \/>\n09:00 Uhr TeeOff Runde 1<br \/>\nca. 11:30 Uhr Mittagspause<br \/>\n13:00 Uhr Playersmeeting<br \/>\n13:30 Uhr TeeOff Runde 2<br \/>\nca. 16:00 Uhr Siegerehrung<\/p>\n<h1>Symposium &#8222;Disc Golf Training&#8220;<\/h1>\n<ul>\n<li>in der Mittagspause veranstalten wir das erste Symposium zum Thema Disc Golf Training am Niederrhein<\/li>\n<li>f\u00fcr die Dauer von ca. 30 Minuten werden wir Anregungen und Gedanken sammeln<\/li>\n<li>teilnehmen kann jeder Interessierte aber <strong>bitte kein Taubenschlag<\/strong> KOMMEN-UND-GEHEN<\/li>\n<li>die Leitung und Moderation dieser Runde \u00fcbernimmt &#8222;Dr. Karl-Heinz Walter&#8220;, einigen eventuell aus dem Bereich Badminton bekannt<\/li>\n<\/ul>\n<h1>Scores<\/h1>\n<p>DiscGolfMetrix: <a href=\"https:\/\/discgolfmetrix.com\/?u=scorecard&amp;ID=808490\">https:\/\/discgolfmetrix.com\/?u=scorecard&amp;ID=808490<\/a><\/p>\n<p>PDGA:&nbsp; <a href=\"https:\/\/www.pdga.com\/tour\/event\/37616\">https:\/\/www.pdga.com\/tour\/event\/37616<\/a><\/p>\n<h1>Flights<\/h1>\n<p>&nbsp;<\/p>\n<h1>Essen &amp; Trinken<\/h1>\n<ul>\n<li>kein Fr\u00fchst\u00fcck<\/li>\n<li>Grillw\u00fcrstchen im Br\u00f6tchen (nach R\u00fcckmeldung an Turnierleitung auch vegetarisch) ~ 1,50 EUR<\/li>\n<li>0,5 L Wasser, Apfelschorle ~ kostenlos, wird vom Discgolf Niederrhein e.V. finanziert<\/li>\n<li>Kaffee und Kuchen ~ 0,50 EUR<\/li>\n<\/ul>\n<h1>Multimedia<\/h1>\n<ul>\n<li>Unsere beiden Fotografen Katja und Michael Winkler haben ihre Unterst\u00fctzung auch in 2018 zugesagt.<\/li>\n<\/ul>\n<h1>Bahnen<\/h1>\n<ul>\n<li>Bahnenlayout wie in 2017<\/li>\n<li>Photo-Album: <a href=\"http:\/\/www.discgolf-niederrhein.de\/?easy-photo-album=bahnen-schilder-2-wesel-open\">Bahnen-Schilder<\/a><\/li>\n<\/ul>\n<table cellspacing=\"0\" border=\"0\">\n<colgroup span=\"3\" width=\"69\"><\/colgroup>\n<colgroup width=\"290\"><\/colgroup>\n<tbody>\n<tr>\n<td valign=\"top\" align=\"center\" height=\"25\"><b>Bahn<\/b><\/td>\n<td valign=\"top\" align=\"center\"><b>Par<\/b><\/td>\n<td valign=\"top\" align=\"center\"><b>L\u00e4nge<\/b><\/td>\n<td valign=\"top\" align=\"center\"><b>Kommentar<\/b><\/td>\n<\/tr>\n<tr>\n<td colspan=\"4\" valign=\"top\" align=\"left\" height=\"39\">Generell gilt: Wasserfl\u00e4che Auesee und befestigte Wege (Fu\u00dfwege und Stra\u00dfe beim Parkplatz, Begrenzungswege an Nordseite) sowie Dach- bzw. \u00fcberdachte Fl\u00e4chen sind O.B.<\/td>\n<\/tr>\n<tr>\n<td valign=\"top\" align=\"center\" height=\"20\">1<\/td>\n<td valign=\"top\" align=\"center\">3<\/td>\n<td valign=\"top\" align=\"center\">75 m<\/td>\n<td valign=\"top\" align=\"left\">Mando: Baum rechts umspielen, DZ ist markiert<\/td>\n<\/tr>\n<tr>\n<td valign=\"top\" align=\"center\" height=\"34\">2<\/td>\n<td valign=\"top\" align=\"center\">3<\/td>\n<td valign=\"top\" align=\"center\">77 m<\/td>\n<td valign=\"top\" align=\"left\">&nbsp;<\/td>\n<\/tr>\n<tr>\n<td valign=\"top\" align=\"center\" height=\"20\">3<\/td>\n<td valign=\"top\" align=\"center\">3<\/td>\n<td valign=\"top\" align=\"center\">106 m<\/td>\n<td valign=\"top\" align=\"left\">&nbsp;<\/td>\n<\/tr>\n<tr>\n<td valign=\"top\" align=\"center\" height=\"20\">4<\/td>\n<td valign=\"top\" align=\"center\">3<\/td>\n<td valign=\"top\" align=\"center\">66 m<\/td>\n<td valign=\"top\" align=\"left\">CTP Bahn, Messung von Korbstange bis Rand der Scheibe<\/td>\n<\/tr>\n<tr>\n<td valign=\"top\" align=\"center\" height=\"20\">5<\/td>\n<td valign=\"top\" align=\"center\">3<\/td>\n<td valign=\"top\" align=\"center\">95 m<\/td>\n<td valign=\"top\" align=\"left\">&nbsp;<\/td>\n<\/tr>\n<tr>\n<td valign=\"top\" align=\"center\" height=\"20\">6<\/td>\n<td valign=\"top\" align=\"center\">3<\/td>\n<td valign=\"top\" align=\"center\">88 m<\/td>\n<td valign=\"top\" align=\"left\">Befestigter Weg auf der rechten Seite ist O.B.<\/td>\n<\/tr>\n<tr>\n<td valign=\"top\" align=\"center\" height=\"20\">7<\/td>\n<td valign=\"top\" align=\"center\">3<\/td>\n<td valign=\"top\" align=\"center\">87 m<\/td>\n<td valign=\"top\" align=\"left\">Stra\u00dfe hinter Korb ist O.B.<\/td>\n<\/tr>\n<tr>\n<td valign=\"top\" align=\"center\" height=\"20\">8<\/td>\n<td valign=\"top\" align=\"center\">3<\/td>\n<td valign=\"top\" align=\"center\">55 m<\/td>\n<td valign=\"top\" align=\"left\">&nbsp;<\/td>\n<\/tr>\n<tr>\n<td valign=\"top\" align=\"center\" height=\"20\">9<\/td>\n<td valign=\"top\" align=\"center\">3<\/td>\n<td valign=\"top\" align=\"center\">98 m<\/td>\n<td valign=\"top\" align=\"left\">Befestigter Weg hinter Korb ist O.B.<\/td>\n<\/tr>\n<tr>\n<td valign=\"top\" align=\"center\" height=\"20\">10<\/td>\n<td valign=\"top\" align=\"center\">3<\/td>\n<td valign=\"top\" align=\"center\">88 m<\/td>\n<td valign=\"top\" align=\"left\">&nbsp;<\/td>\n<\/tr>\n<tr>\n<td valign=\"top\" align=\"center\" height=\"20\">11<\/td>\n<td valign=\"top\" align=\"center\">3<\/td>\n<td valign=\"top\" align=\"center\">66 m<\/td>\n<td valign=\"top\" align=\"left\">Dach- und \u00fcberdachte Fl\u00e4che ist O.B.<\/td>\n<\/tr>\n<tr>\n<td valign=\"top\" align=\"center\" height=\"20\">12<\/td>\n<td valign=\"top\" align=\"center\">3<\/td>\n<td valign=\"top\" align=\"center\">100 m<\/td>\n<td valign=\"top\" align=\"left\">Dach- und \u00fcberdachte Fl\u00e4che ist O.B.<\/td>\n<\/tr>\n<tr>\n<td valign=\"top\" align=\"center\" height=\"20\">13<\/td>\n<td valign=\"top\" align=\"center\">3<\/td>\n<td valign=\"top\" align=\"center\">94 m<\/td>\n<td valign=\"top\" align=\"left\">&nbsp;<\/td>\n<\/tr>\n<tr>\n<td valign=\"top\" align=\"center\" height=\"20\">14<\/td>\n<td valign=\"top\" align=\"center\">3<\/td>\n<td valign=\"top\" align=\"center\">100 m<\/td>\n<td valign=\"top\" align=\"left\">Wasserfl\u00e4che ist O.B.<\/td>\n<\/tr>\n<tr>\n<td valign=\"top\" align=\"center\" height=\"20\">15<\/td>\n<td valign=\"top\" align=\"center\">3<\/td>\n<td valign=\"top\" align=\"center\">86 m<\/td>\n<td valign=\"top\" align=\"left\">Wasserfl\u00e4che ist O.B.<\/td>\n<\/tr>\n<tr>\n<td valign=\"top\" align=\"center\" height=\"20\">16<\/td>\n<td valign=\"top\" align=\"center\">3<\/td>\n<td valign=\"top\" align=\"center\">80 m<\/td>\n<td valign=\"top\" align=\"left\">Mando: Baum rechts umspielen, DZ ist markiert<\/td>\n<\/tr>\n<tr>\n<td valign=\"top\" align=\"center\" height=\"20\">17<\/td>\n<td valign=\"top\" align=\"center\">4<\/td>\n<td valign=\"top\" align=\"center\">147 m<\/td>\n<td valign=\"top\" align=\"left\">Wasserfl\u00e4che ist O.B.<\/td>\n<\/tr>\n<tr>\n<td valign=\"top\" align=\"center\" height=\"20\">18<\/td>\n<td valign=\"top\" align=\"center\">3<\/td>\n<td valign=\"top\" align=\"center\">79 m<\/td>\n<td valign=\"top\" align=\"left\">Wasserfl\u00e4che ist O.B.<\/td>\n<\/tr>\n<\/tbody>\n<\/table>\n<p><img loading=\"lazy\" decoding=\"async\" class=\"alignnone size-full wp-image-1839\" src=\"http:\/\/www.discgolf-niederrhein.de\/wp-content\/uploads\/2016\/10\/Auesse-Final-18.jpg\" alt=\"auesse-final-18\" width=\"732\" height=\"488\" srcset=\"https:\/\/www.discgolf-niederrhein.de\/wp-content\/uploads\/2016\/10\/Auesse-Final-18.jpg 732w, https:\/\/www.discgolf-niederrhein.de\/wp-content\/uploads\/2016\/10\/Auesse-Final-18-300x200.jpg 300w\" sizes=\"auto, (max-width: 732px) 100vw, 732px\" \/><\/p>\n","protected":false},"excerpt":{"rendered":"<p>Als Sponsoren haben wir auch in diesem Jahr den schwedischen Scheibenhersteller Kastaplast und Borderline-Shop mit Standort Duisburg gewinnen k\u00f6nnen. Borderline-Shop wird wieder mit seinem Disc Golf Sortiment vor Ort sein [&hellip;]<\/p>\n","protected":false},"author":1,"featured_media":4100,"parent":0,"menu_order":0,"comment_status":"closed","ping_status":"closed","template":"","meta":{"ngg_post_thumbnail":0,"footnotes":""},"class_list":["post-4081","page","type-page","status-publish","has-post-thumbnail","hentry"],"_links":{"self":[{"href":"https:\/\/www.discgolf-niederrhein.de\/index.php?rest_route=\/wp\/v2\/pages\/4081","targetHints":{"allow":["GET"]}}],"collection":[{"href":"https:\/\/www.discgolf-niederrhein.de\/index.php?rest_route=\/wp\/v2\/pages"}],"about":[{"href":"https:\/\/www.discgolf-niederrhein.de\/index.php?rest_route=\/wp\/v2\/types\/page"}],"author":[{"embeddable":true,"href":"https:\/\/www.discgolf-niederrhein.de\/index.php?rest_route=\/wp\/v2\/users\/1"}],"replies":[{"embeddable":true,"href":"https:\/\/www.discgolf-niederrhein.de\/index.php?rest_route=%2Fwp%2Fv2%2Fcomments&post=4081"}],"version-history":[{"count":11,"href":"https:\/\/www.discgolf-niederrhein.de\/index.php?rest_route=\/wp\/v2\/pages\/4081\/revisions"}],"predecessor-version":[{"id":5427,"href":"https:\/\/www.discgolf-niederrhein.de\/index.php?rest_route=\/wp\/v2\/pages\/4081\/revisions\/5427"}],"wp:featuredmedia":[{"embeddable":true,"href":"https:\/\/www.discgolf-niederrhein.de\/index.php?rest_route=\/wp\/v2\/media\/4100"}],"wp:attachment":[{"href":"https:\/\/www.discgolf-niederrhein.de\/index.php?rest_route=%2Fwp%2Fv2%2Fmedia&parent=4081"}],"curies":[{"name":"wp","href":"https:\/\/api.w.org\/{rel}","templated":true}]}}