{"id":2443,"date":"2017-06-06T19:44:12","date_gmt":"2017-06-06T17:44:12","guid":{"rendered":"http:\/\/www.discgolf-niederrhein.de\/?page_id=2443"},"modified":"2017-10-05T20:30:39","modified_gmt":"2017-10-05T18:30:39","slug":"3-wesel-kastaplast-open-8-10-2017","status":"publish","type":"page","link":"https:\/\/www.discgolf-niederrhein.de\/?page_id=2443","title":{"rendered":"3. Wesel Kastaplast Open &#8211; 08.10.2017"},"content":{"rendered":"<h1><a href=\"http:\/\/www.kastaplast.se\" target=\"_blank\" rel=\"noopener noreferrer\"><img loading=\"lazy\" decoding=\"async\" class=\"wp-image-305 alignnone\" src=\"http:\/\/www.discgolf-niederrhein.de\/wp-content\/uploads\/2015\/03\/kastaplast_logo_symbol.png\" alt=\"\" width=\"131\" height=\"131\" srcset=\"https:\/\/www.discgolf-niederrhein.de\/wp-content\/uploads\/2015\/03\/kastaplast_logo_symbol.png 400w, https:\/\/www.discgolf-niederrhein.de\/wp-content\/uploads\/2015\/03\/kastaplast_logo_symbol-150x150.png 150w, https:\/\/www.discgolf-niederrhein.de\/wp-content\/uploads\/2015\/03\/kastaplast_logo_symbol-300x300.png 300w\" sizes=\"auto, (max-width: 131px) 100vw, 131px\" \/><\/a><\/h1>\n<p style=\"text-align: left;\">Als Sponsoren haben wir in diesem Jahr den schwedischen Scheibenhersteller <a href=\"http:\/\/www.kastaplast.se\/\">Kastaplast<\/a> und zus\u00e4tzlich\u00a0 <a href=\"http:\/\/www.borderline-shop.com\">Borderline-Shop<\/a> mit Standort Duisburg gewinnen k\u00f6nnen. <a href=\"http:\/\/www.borderline-shop.com\">Borderline-Shop<\/a> wird wieder mit seinem Disc Golf Sortiment vor Ort sein und besondere Turnier-Konditionen f\u00fcr <a href=\"http:\/\/www.kastaplast.se\" target=\"_blank\" rel=\"noopener noreferrer\">Kastaplast<\/a> Scheiben anbieten.<\/p>\n<p style=\"text-align: left;\"><a href=\"http:\/\/www.borderline-shop.com\" target=\"_blank\" rel=\"noopener noreferrer\"><img loading=\"lazy\" decoding=\"async\" class=\"alignnone wp-image-2449\" src=\"http:\/\/www.discgolf-niederrhein.de\/wp-content\/uploads\/2017\/06\/BLS-DiscGolfTeam-1.png\" alt=\"\" width=\"308\" height=\"101\" srcset=\"https:\/\/www.discgolf-niederrhein.de\/wp-content\/uploads\/2017\/06\/BLS-DiscGolfTeam-1.png 1050w, https:\/\/www.discgolf-niederrhein.de\/wp-content\/uploads\/2017\/06\/BLS-DiscGolfTeam-1-300x99.png 300w, https:\/\/www.discgolf-niederrhein.de\/wp-content\/uploads\/2017\/06\/BLS-DiscGolfTeam-1-768x252.png 768w\" sizes=\"auto, (max-width: 308px) 100vw, 308px\" \/><\/a><\/p>\n<h1>Termin<\/h1>\n<ul>\n<li>Sonntag 08.10.2017<\/li>\n<li>am Wochenende nach der deutschen Meisterschaft<\/li>\n<\/ul>\n<h1>Ort<\/h1>\n<ul>\n<li>Auesee Wesel<\/li>\n<li>Parken hinter Bahn 9 &#8211; <a href=\"https:\/\/www.google.de\/maps\/place\/Auesee\/@51.6665568,6.5927648,165m\/data=!3m1!1e3!4m5!3m4!1s0x47b884d40911fd51:0x59afd72a766c3682!8m2!3d51.6746112!4d6.5833963\">google Link<\/a><\/li>\n<li>Koordinaten 51\u00b040&#8217;01.2&#8243;N 6\u00b035&#8217;38.1&#8243;E<\/li>\n<\/ul>\n<h1>Turniermodus<\/h1>\n<ul>\n<li>Turnier der Disc Golf German Tour Kategorie C (f\u00fcr fortgeschrittene Spieler)<\/li>\n<li>2x 18 Bahnen, max. 72 Teilnehmer<\/li>\n<li>Anmeldung \u00fcber die gto-Seite:\u00a0 <a href=\"http:\/\/gto.ec08.de\/events\/details\/986\" target=\"_blank\" rel=\"noopener noreferrer\">http:\/\/gto.ec08.de\/events\/details\/986<\/a><\/li>\n<\/ul>\n<h1>Zeitplan<\/h1>\n<p>07:45 Uhr Anmeldung<br \/>\n08:30 Uhr Playersmeeting<br \/>\n09:00 Uhr TeeOff Runde 1<br \/>\nca. 11:30 Uhr Mittagspause<br \/>\n13:00 Uhr Playersmeeting<br \/>\n13:30 Uhr TeeOff Runde 2<br \/>\nca. 16:00 Uhr Siegerehrung<\/p>\n<h1>Scores<\/h1>\n<p><a href=\"https:\/\/www.discgolfmetrix.com\/?u=scorecard&amp;ID=546285\">https:\/\/www.discgolfmetrix.com\/?u=scorecard&amp;ID=546285<\/a><\/p>\n<h1>Flights<\/h1>\n<p><a href=\"https:\/\/discgolfmetrix.com\/?u=groups_pdf&amp;ID=546289\">https:\/\/discgolfmetrix.com\/?u=groups_pdf&amp;ID=546289<\/a><\/p>\n<h1>Essen &amp; Trinken<\/h1>\n<ul>\n<li><span style=\"text-decoration: underline;\">kein<\/span> Fr\u00fchst\u00fcck<\/li>\n<li>Grillw\u00fcrstchen im Br\u00f6tchen (nach R\u00fcckmeldung an Turnierleitung auch vegetarisch) ~ 1,50 EUR<\/li>\n<li>0,5 L Wasser, Apfelschorle, Cola, Fanta ~ 1,00 EUR<\/li>\n<li>Kaffee und Kuchen ~ 0,50 EUR<\/li>\n<\/ul>\n<h1>Multimedia<\/h1>\n<ul>\n<li>Auch f\u00fcr dieses Jahr haben unsere beiden Fotografen Katja und Michael Winkler ihre Unterst\u00fctzung zugesagt. Wir freuen uns auf Bilder je Flight in der ersten Runde und Bilder von vielen Spielszenen.<\/li>\n<li>Eventuell bekommen wir auch fliegende Bilder in der Pause wenn Jens Cassel seine HighTech-Drohne mitbringt.<\/li>\n<\/ul>\n<h1>Bahnen<\/h1>\n<ul>\n<li>Bahnenlayout wie in 2016<\/li>\n<li>Photo-Album: <a href=\"http:\/\/www.discgolf-niederrhein.de\/?easy-photo-album=bahnen-schilder-2-wesel-open\">Bahnen-Schilder<\/a><\/li>\n<\/ul>\n<table border=\"0\" cellspacing=\"0\">\n<colgroup span=\"3\" width=\"69\"><\/colgroup>\n<colgroup width=\"290\"><\/colgroup>\n<tbody>\n<tr>\n<td align=\"center\" valign=\"top\" height=\"25\"><b><span style=\"color: #000000; font-size: large;\">Bahn<\/span><\/b><\/td>\n<td align=\"center\" valign=\"top\"><b><span style=\"color: #000000; font-size: large;\">Par<\/span><\/b><\/td>\n<td align=\"center\" valign=\"top\"><b><span style=\"color: #000000; font-size: large;\">L\u00e4nge<\/span><\/b><\/td>\n<td align=\"center\" valign=\"top\"><b><span style=\"color: #000000; font-size: large;\">Kommentar<\/span><\/b><\/td>\n<\/tr>\n<tr>\n<td colspan=\"4\" align=\"left\" valign=\"top\" height=\"39\"><span style=\"color: #000000;\">Generell gilt: Wasserfl\u00e4che Auesee und befestigte Wege (Fu\u00dfwege und Stra\u00dfe beim Parkplatz, Begrenzungswege an Nordseite) sowie Dach- bzw. \u00fcberdachte Fl\u00e4chen sind O.B. <\/span><\/td>\n<\/tr>\n<tr>\n<td align=\"center\" valign=\"top\" height=\"20\"><span style=\"color: #000000;\">1<\/span><\/td>\n<td align=\"center\" valign=\"top\"><span style=\"color: #000000;\">3<\/span><\/td>\n<td align=\"center\" valign=\"top\"><span style=\"color: #000000;\">75 m<\/span><\/td>\n<td align=\"left\" valign=\"top\"><span style=\"color: #000000;\">Mando: Baum rechts umspielen, DZ ist markiert<\/span><\/td>\n<\/tr>\n<tr>\n<td align=\"center\" valign=\"top\" height=\"34\"><span style=\"color: #000000;\">2<\/span><\/td>\n<td align=\"center\" valign=\"top\"><span style=\"color: #000000;\">3<\/span><\/td>\n<td align=\"center\" valign=\"top\"><span style=\"color: #000000;\">77 m<\/span><\/td>\n<td align=\"left\" valign=\"top\"><\/td>\n<\/tr>\n<tr>\n<td align=\"center\" valign=\"top\" height=\"20\"><span style=\"color: #000000;\">3<\/span><\/td>\n<td align=\"center\" valign=\"top\"><span style=\"color: #000000;\">3<\/span><\/td>\n<td align=\"center\" valign=\"top\"><span style=\"color: #000000;\">106 m<\/span><\/td>\n<td align=\"left\" valign=\"top\"><span style=\"color: #000000;\">\u00a0<\/span><\/td>\n<\/tr>\n<tr>\n<td align=\"center\" valign=\"top\" height=\"20\"><span style=\"color: #000000;\">4<\/span><\/td>\n<td align=\"center\" valign=\"top\"><span style=\"color: #000000;\">3<\/span><\/td>\n<td align=\"center\" valign=\"top\"><span style=\"color: #000000;\">66 m<\/span><\/td>\n<td align=\"left\" valign=\"top\"><span style=\"color: #000000;\">CTP Bahn, Messung von Korbstange bis Rand der Scheibe<\/span><\/td>\n<\/tr>\n<tr>\n<td align=\"center\" valign=\"top\" height=\"20\"><span style=\"color: #000000;\">5<\/span><\/td>\n<td align=\"center\" valign=\"top\"><span style=\"color: #000000;\">3<\/span><\/td>\n<td align=\"center\" valign=\"top\"><span style=\"color: #000000;\">95 m<\/span><\/td>\n<td align=\"left\" valign=\"top\"><span style=\"color: #000000;\">\u00a0<\/span><\/td>\n<\/tr>\n<tr>\n<td align=\"center\" valign=\"top\" height=\"20\"><span style=\"color: #000000;\">6<\/span><\/td>\n<td align=\"center\" valign=\"top\"><span style=\"color: #000000;\">3<\/span><\/td>\n<td align=\"center\" valign=\"top\"><span style=\"color: #000000;\">88 m<\/span><\/td>\n<td align=\"left\" valign=\"top\"><span style=\"color: #000000;\">Befestigter Weg auf der rechten Seite ist O.B.<\/span><\/td>\n<\/tr>\n<tr>\n<td align=\"center\" valign=\"top\" height=\"20\"><span style=\"color: #000000;\">7<\/span><\/td>\n<td align=\"center\" valign=\"top\"><span style=\"color: #000000;\">3<\/span><\/td>\n<td align=\"center\" valign=\"top\"><span style=\"color: #000000;\">87 m<\/span><\/td>\n<td align=\"left\" valign=\"top\"><span style=\"color: #000000;\">Stra\u00dfe hinter Korb ist O.B.<\/span><\/td>\n<\/tr>\n<tr>\n<td align=\"center\" valign=\"top\" height=\"20\"><span style=\"color: #000000;\">8<\/span><\/td>\n<td align=\"center\" valign=\"top\"><span style=\"color: #000000;\">3<\/span><\/td>\n<td align=\"center\" valign=\"top\"><span style=\"color: #000000;\">55 m<\/span><\/td>\n<td align=\"left\" valign=\"top\"><span style=\"color: #000000;\">\u00a0<\/span><\/td>\n<\/tr>\n<tr>\n<td align=\"center\" valign=\"top\" height=\"20\"><span style=\"color: #000000;\">9<\/span><\/td>\n<td align=\"center\" valign=\"top\"><span style=\"color: #000000;\">3<\/span><\/td>\n<td align=\"center\" valign=\"top\"><span style=\"color: #000000;\">98 m<\/span><\/td>\n<td align=\"left\" valign=\"top\"><span style=\"color: #000000;\">Befestigter Weg hinter Korb ist O.B.<\/span><\/td>\n<\/tr>\n<tr>\n<td align=\"center\" valign=\"top\" height=\"20\"><span style=\"color: #000000;\">10<\/span><\/td>\n<td align=\"center\" valign=\"top\"><span style=\"color: #000000;\">3<\/span><\/td>\n<td align=\"center\" valign=\"top\"><span style=\"color: #000000;\">88 m<\/span><\/td>\n<td align=\"left\" valign=\"top\"><span style=\"color: #000000;\">\u00a0<\/span><\/td>\n<\/tr>\n<tr>\n<td align=\"center\" valign=\"top\" height=\"20\"><span style=\"color: #000000;\">11<\/span><\/td>\n<td align=\"center\" valign=\"top\"><span style=\"color: #000000;\">3<\/span><\/td>\n<td align=\"center\" valign=\"top\"><span style=\"color: #000000;\">66 m<\/span><\/td>\n<td align=\"left\" valign=\"top\"><span style=\"color: #000000;\">Dach- und \u00fcberdachte Fl\u00e4che ist O.B.<\/span><\/td>\n<\/tr>\n<tr>\n<td align=\"center\" valign=\"top\" height=\"20\"><span style=\"color: #000000;\">12<\/span><\/td>\n<td align=\"center\" valign=\"top\"><span style=\"color: #000000;\">3<\/span><\/td>\n<td align=\"center\" valign=\"top\"><span style=\"color: #000000;\">100 m<\/span><\/td>\n<td align=\"left\" valign=\"top\"><span style=\"color: #000000;\">Dach- und \u00fcberdachte Fl\u00e4che ist O.B.<\/span><\/td>\n<\/tr>\n<tr>\n<td align=\"center\" valign=\"top\" height=\"20\"><span style=\"color: #000000;\">13<\/span><\/td>\n<td align=\"center\" valign=\"top\"><span style=\"color: #000000;\">3<\/span><\/td>\n<td align=\"center\" valign=\"top\"><span style=\"color: #000000;\">94 m<\/span><\/td>\n<td align=\"left\" valign=\"top\"><span style=\"color: #000000;\">\u00a0<\/span><\/td>\n<\/tr>\n<tr>\n<td align=\"center\" valign=\"top\" height=\"20\"><span style=\"color: #000000;\">14<\/span><\/td>\n<td align=\"center\" valign=\"top\"><span style=\"color: #000000;\">3<\/span><\/td>\n<td align=\"center\" valign=\"top\"><span style=\"color: #000000;\">100 m<\/span><\/td>\n<td align=\"left\" valign=\"top\"><span style=\"color: #000000;\">Wasserfl\u00e4che ist O.B.<\/span><\/td>\n<\/tr>\n<tr>\n<td align=\"center\" valign=\"top\" height=\"20\"><span style=\"color: #000000;\">15<\/span><\/td>\n<td align=\"center\" valign=\"top\"><span style=\"color: #000000;\">3<\/span><\/td>\n<td align=\"center\" valign=\"top\"><span style=\"color: #000000;\">86 m<\/span><\/td>\n<td align=\"left\" valign=\"top\"><span style=\"color: #000000;\">Wasserfl\u00e4che ist O.B.<\/span><\/td>\n<\/tr>\n<tr>\n<td align=\"center\" valign=\"top\" height=\"20\"><span style=\"color: #000000;\">16<\/span><\/td>\n<td align=\"center\" valign=\"top\"><span style=\"color: #000000;\">3<\/span><\/td>\n<td align=\"center\" valign=\"top\"><span style=\"color: #000000;\">80 m<\/span><\/td>\n<td align=\"left\" valign=\"top\"><span style=\"color: #000000;\">Mando: Baum rechts umspielen, DZ ist markiert<\/span><\/td>\n<\/tr>\n<tr>\n<td align=\"center\" valign=\"top\" height=\"20\"><span style=\"color: #000000;\">17<\/span><\/td>\n<td align=\"center\" valign=\"top\"><span style=\"color: #000000;\">4<\/span><\/td>\n<td align=\"center\" valign=\"top\"><span style=\"color: #000000;\">147 m<\/span><\/td>\n<td align=\"left\" valign=\"top\"><span style=\"color: #000000;\">Wasserfl\u00e4che ist O.B.<\/span><\/td>\n<\/tr>\n<tr>\n<td align=\"center\" valign=\"top\" height=\"20\"><span style=\"color: #000000;\">18<\/span><\/td>\n<td align=\"center\" valign=\"top\"><span style=\"color: #000000;\">3<\/span><\/td>\n<td align=\"center\" valign=\"top\"><span style=\"color: #000000;\">79 m<\/span><\/td>\n<td align=\"left\" valign=\"top\"><span style=\"color: #000000;\">Wasserfl\u00e4che ist O.B.<\/span><\/td>\n<\/tr>\n<\/tbody>\n<\/table>\n<p><img loading=\"lazy\" decoding=\"async\" class=\"alignnone size-full wp-image-1839\" src=\"http:\/\/www.discgolf-niederrhein.de\/wp-content\/uploads\/2016\/10\/Auesse-Final-18.jpg\" alt=\"auesse-final-18\" width=\"732\" height=\"488\" srcset=\"https:\/\/www.discgolf-niederrhein.de\/wp-content\/uploads\/2016\/10\/Auesse-Final-18.jpg 732w, https:\/\/www.discgolf-niederrhein.de\/wp-content\/uploads\/2016\/10\/Auesse-Final-18-300x200.jpg 300w\" sizes=\"auto, (max-width: 732px) 100vw, 732px\" \/><\/p>\n","protected":false},"excerpt":{"rendered":"<p>Als Sponsoren haben wir in diesem Jahr den schwedischen Scheibenhersteller Kastaplast und zus\u00e4tzlich\u00a0 Borderline-Shop mit Standort Duisburg gewinnen k\u00f6nnen. Borderline-Shop wird wieder mit seinem Disc Golf Sortiment vor Ort sein [&hellip;]<\/p>\n","protected":false},"author":1,"featured_media":305,"parent":0,"menu_order":0,"comment_status":"closed","ping_status":"closed","template":"","meta":{"ngg_post_thumbnail":0,"footnotes":""},"class_list":["post-2443","page","type-page","status-publish","has-post-thumbnail","hentry"],"_links":{"self":[{"href":"https:\/\/www.discgolf-niederrhein.de\/index.php?rest_route=\/wp\/v2\/pages\/2443","targetHints":{"allow":["GET"]}}],"collection":[{"href":"https:\/\/www.discgolf-niederrhein.de\/index.php?rest_route=\/wp\/v2\/pages"}],"about":[{"href":"https:\/\/www.discgolf-niederrhein.de\/index.php?rest_route=\/wp\/v2\/types\/page"}],"author":[{"embeddable":true,"href":"https:\/\/www.discgolf-niederrhein.de\/index.php?rest_route=\/wp\/v2\/users\/1"}],"replies":[{"embeddable":true,"href":"https:\/\/www.discgolf-niederrhein.de\/index.php?rest_route=%2Fwp%2Fv2%2Fcomments&post=2443"}],"version-history":[{"count":28,"href":"https:\/\/www.discgolf-niederrhein.de\/index.php?rest_route=\/wp\/v2\/pages\/2443\/revisions"}],"predecessor-version":[{"id":2445,"href":"https:\/\/www.discgolf-niederrhein.de\/index.php?rest_route=\/wp\/v2\/pages\/2443\/revisions\/2445"}],"wp:featuredmedia":[{"embeddable":true,"href":"https:\/\/www.discgolf-niederrhein.de\/index.php?rest_route=\/wp\/v2\/media\/305"}],"wp:attachment":[{"href":"https:\/\/www.discgolf-niederrhein.de\/index.php?rest_route=%2Fwp%2Fv2%2Fmedia&parent=2443"}],"curies":[{"name":"wp","href":"https:\/\/api.w.org\/{rel}","templated":true}]}}